{"id":44,"date":"2018-01-04T06:27:04","date_gmt":"2018-01-04T06:27:04","guid":{"rendered":"http:\/\/hegaya.com\/espanol\/?page_id=44"},"modified":"2026-04-15T11:44:35","modified_gmt":"2026-04-15T11:44:35","slug":"contacto","status":"publish","type":"page","link":"https:\/\/hegaya.com\/espanol\/contacto\/","title":{"rendered":"Contacto"},"content":{"rendered":"<p>[et_pb_section fb_built=\u00bb1&#8243; _builder_version=\u00bb3.22&#8243; background_color=\u00bb#f7f7f7&#8243; background_image=\u00bbhttps:\/\/hegaya.com\/espanol\/wp-content\/uploads\/sites\/2\/2019\/08\/392.jpg\u00bb filter_opacity=\u00bb65%\u00bb][et_pb_row column_structure=\u00bb1_2,1_2&#8243; _builder_version=\u00bb3.25&#8243;][et_pb_column type=\u00bb1_2&#8243; _builder_version=\u00bb3.25&#8243; custom_padding=\u00bb|||\u00bb custom_padding__hover=\u00bb|||\u00bb][et_pb_image src=\u00bbhttps:\/\/hegaya.com\/espanol\/wp-content\/uploads\/sites\/2\/2018\/01\/logoHG-cuadro-01.png\u00bb align_tablet=\u00bbcenter\u00bb align_phone=\u00bb\u00bb align_last_edited=\u00bbon|desktop\u00bb _builder_version=\u00bb3.23&#8243; transform_scale=\u00bb70%|70%\u00bb transform_translate=\u00bb869px|-207px\u00bb max_width=\u00bb65%\u00bb module_alignment=\u00bbcenter\u00bb animation_style=\u00bbfade\u00bb][\/et_pb_image][\/et_pb_column][et_pb_column type=\u00bb1_2&#8243; _builder_version=\u00bb3.25&#8243; custom_padding=\u00bb|||\u00bb custom_padding__hover=\u00bb|||\u00bb][et_pb_blurb title=\u00bbHERRERA &#038; ASOCIADOS,S.C.\u00bb icon_placement=\u00bbleft\u00bb _builder_version=\u00bb3.21.1&#8243; header_level=\u00bbh2&#8243; header_font=\u00bbPlayfair Display|700||on|||||\u00bb header_text_align=\u00bbleft\u00bb header_text_color=\u00bb#2a879b\u00bb header_font_size=\u00bb16px\u00bb header_letter_spacing=\u00bb2px\u00bb header_line_height=\u00bb1.1em\u00bb body_font=\u00bbPlayfair Display||||||||\u00bb body_text_align=\u00bbcenter\u00bb body_text_color=\u00bb#2a879b\u00bb body_font_size=\u00bb27px\u00bb body_line_height=\u00bb1em\u00bb transform_scale=\u00bb168%|168%\u00bb transform_translate=\u00bb108px|78px\u00bb animation=\u00bboff\u00bb border_color_all_image=\u00bbrgba(0,0,0,0)\u00bb text_shadow_style=\u00bbpreset1&#8243;][\/et_pb_blurb][\/et_pb_column][\/et_pb_row][\/et_pb_section][et_pb_section fb_built=\u00bb1&#8243; specialty=\u00bbon\u00bb admin_label=\u00bbContact\u00bb _builder_version=\u00bb3.22&#8243; background_color=\u00bbrgba(0,0,0,0)\u00bb custom_margin=\u00bb|||\u00bb custom_padding=\u00bb0px|0px|54px|0px\u00bb][et_pb_column type=\u00bb1_2&#8243; specialty_columns=\u00bb2&#8243; _builder_version=\u00bb3.25&#8243; custom_padding=\u00bb|||\u00bb custom_padding__hover=\u00bb|||\u00bb][et_pb_row_inner custom_padding_last_edited=\u00bbon|desktop\u00bb _builder_version=\u00bb3.25&#8243; background_color=\u00bb#ffffff\u00bb custom_margin=\u00bb-200px||80px|\u00bb custom_padding=\u00bb60px|60px|60px|60px\u00bb custom_padding_tablet=\u00bb\u00bb custom_padding_phone=\u00bb|40px||40px\u00bb box_shadow_style=\u00bbpreset3&#8243; box_shadow_vertical=\u00bb15px\u00bb box_shadow_blur=\u00bb80px\u00bb][et_pb_column_inner saved_specialty_column_type=\u00bb1_2&#8243; _builder_version=\u00bb3.25&#8243; custom_padding=\u00bb|||\u00bb custom_padding__hover=\u00bb|||\u00bb][et_pb_text _builder_version=\u00bb3.27.4&#8243; text_font=\u00bb||||||||\u00bb header_font=\u00bbPlayfair Display|700||on|||||\u00bb header_font_size=\u00bb38px\u00bb header_letter_spacing=\u00bb1px\u00bb header_line_height=\u00bb1.4em\u00bb header_2_font=\u00bb||||||||\u00bb header_3_font=\u00bb||||||||\u00bb text_orientation=\u00bbcenter\u00bb max_width=\u00bb550px\u00bb module_alignment=\u00bbcenter\u00bb custom_margin=\u00bb|||\u00bb locked=\u00bboff\u00bb]<\/p>\n<h1>Solicita Informaci\u00f3n<\/h1>\n<p>[\/et_pb_text][\/et_pb_column_inner][\/et_pb_row_inner][\/et_pb_column][et_pb_column type=\u00bb1_2&#8243; _builder_version=\u00bb3.25&#8243; custom_padding=\u00bb|||\u00bb custom_padding__hover=\u00bb|||\u00bb][et_pb_blurb title=\u00bbUbicaci\u00f3n\u00bb use_icon=\u00bbon\u00bb font_icon=\u00bb%%249%%\u00bb icon_color=\u00bb#ffffff\u00bb use_circle=\u00bbon\u00bb circle_color=\u00bb#edbb5f\u00bb icon_placement=\u00bbleft\u00bb use_icon_font_size=\u00bbon\u00bb icon_font_size=\u00bb24px\u00bb _builder_version=\u00bb3.27.2&#8243; header_font=\u00bbPoppins|700||on|||||\u00bb header_text_color=\u00bbrgba(0,0,0,0.4)\u00bb header_font_size=\u00bb12px\u00bb header_letter_spacing=\u00bb1px\u00bb body_font=\u00bbPoppins||||||||\u00bb body_text_color=\u00bb#000000&#8243; body_letter_spacing=\u00bb1px\u00bb body_line_height=\u00bb1.8em\u00bb text_orientation=\u00bbcenter\u00bb custom_margin=\u00bb||40px|\u00bb animation_style=\u00bbzoom\u00bb animation_intensity_zoom=\u00bb30%\u00bb animation=\u00bboff\u00bb border_style_all=\u00bbdashed\u00bb locked=\u00bboff\u00bb]<\/p>\n<p><span>Av. Universidad 1134, 1st Floor,\u00a0<\/span><span>Col. Xoco, C.P. 03330<\/span><br \/> <span>Ciudad de M\u00e9xico, CDMX.<\/span><\/p>\n<p>[\/et_pb_blurb][et_pb_blurb title=\u00bbContacto\u00bb use_icon=\u00bbon\u00bb font_icon=\u00bb%%221%%\u00bb icon_color=\u00bb#ffffff\u00bb use_circle=\u00bbon\u00bb circle_color=\u00bb#edbb5f\u00bb icon_placement=\u00bbleft\u00bb use_icon_font_size=\u00bbon\u00bb icon_font_size=\u00bb24px\u00bb _builder_version=\u00bb3.27.2&#8243; header_font=\u00bbPoppins|700||on|||||\u00bb header_text_color=\u00bbrgba(0,0,0,0.4)\u00bb header_font_size=\u00bb12px\u00bb header_letter_spacing=\u00bb1px\u00bb body_font=\u00bbPoppins||||||||\u00bb body_text_color=\u00bb#000000&#8243; body_letter_spacing=\u00bb1px\u00bb body_line_height=\u00bb1.8em\u00bb text_orientation=\u00bbcenter\u00bb custom_margin=\u00bb||40px|\u00bb animation_style=\u00bbzoom\u00bb animation_intensity_zoom=\u00bb30%\u00bb animation=\u00bboff\u00bb border_style_all=\u00bbdashed\u00bb locked=\u00bboff\u00bb]<\/p>\n<p>+52 55 4433 4087 \/ +52 55 7090 5464<br \/> contact@hegaya.com<\/p>\n<p>[\/et_pb_blurb][\/et_pb_column][\/et_pb_section]<\/p>\n","protected":false},"excerpt":{"rendered":"<p>Solicita Informaci\u00f3nAv. Universidad 1134, 1st Floor,\u00a0Col. Xoco, C.P. 03330 Ciudad de M\u00e9xico, CDMX.+52 55 4433 4087 \/ +52 55 7090 5464 contact@hegaya.com<\/p>\n","protected":false},"author":1,"featured_media":0,"parent":0,"menu_order":0,"comment_status":"closed","ping_status":"closed","template":"","meta":{"_et_pb_use_builder":"on","_et_pb_old_content":"","_et_gb_content_width":"","footnotes":""},"class_list":["post-44","page","type-page","status-publish","hentry"],"yoast_head":"<!-- This site is optimized with the Yoast SEO plugin v27.3 - https:\/\/yoast.com\/product\/yoast-seo-wordpress\/ -->\n<title>Contacto | Abogados de PI en Ciudad de M\u00e9xico | Herrera &amp; Asociados<\/title>\n<meta name=\"description\" content=\"Contacte a Herrera &amp; Asociados, abogados l\u00edderes en propiedad intelectual en Ciudad de M\u00e9xico. Especialistas en patentes y marcas. Agende su consulta hoy.\" \/>\n<meta name=\"robots\" content=\"index, follow, max-snippet:-1, max-image-preview:large, max-video-preview:-1\" \/>\n<link rel=\"canonical\" href=\"https:\/\/hegaya.com\/espanol\/contacto\/\" \/>\n<meta property=\"og:locale\" content=\"es_ES\" \/>\n<meta property=\"og:type\" content=\"article\" \/>\n<meta property=\"og:title\" content=\"Contacto | Herrera &amp; Asociados | Abogados de PI en M\u00e9xico\" \/>\n<meta property=\"og:description\" content=\"Contacte a los abogados l\u00edderes en propiedad intelectual de M\u00e9xico. Patentes y marcas. Herrera &amp; Asociados, Ciudad de M\u00e9xico.\" \/>\n<meta property=\"og:url\" content=\"https:\/\/hegaya.com\/espanol\/contacto\/\" \/>\n<meta property=\"og:site_name\" content=\"Propiedad Industrial HG\" \/>\n<meta property=\"article:modified_time\" content=\"2026-04-15T11:44:35+00:00\" \/>\n<meta name=\"twitter:card\" content=\"summary_large_image\" \/>\n<meta name=\"twitter:title\" content=\"Contacto | Herrera &amp; Asociados | Abogados de PI en M\u00e9xico\" \/>\n<meta name=\"twitter:description\" content=\"Contacte a los abogados l\u00edderes en propiedad intelectual de M\u00e9xico. Patentes y marcas. Herrera &amp; Asociados.\" \/>\n<meta name=\"twitter:label1\" content=\"Tiempo de lectura\" \/>\n\t<meta name=\"twitter:data1\" content=\"3 minutos\" \/>\n<script type=\"application\/ld+json\" class=\"yoast-schema-graph\">{\"@context\":\"https:\\\/\\\/schema.org\",\"@graph\":[{\"@type\":[\"WebPage\",\"ContactPage\"],\"@id\":\"https:\\\/\\\/hegaya.com\\\/espanol\\\/contacto\\\/\",\"url\":\"https:\\\/\\\/hegaya.com\\\/espanol\\\/contacto\\\/\",\"name\":\"Contacto | Abogados de PI en Ciudad de M\u00e9xico | Herrera & Asociados\",\"isPartOf\":{\"@id\":\"https:\\\/\\\/hegaya.com\\\/espanol\\\/#website\"},\"datePublished\":\"2018-01-04T06:27:04+00:00\",\"dateModified\":\"2026-04-15T11:44:35+00:00\",\"description\":\"Contacte a Herrera & Asociados, abogados l\u00edderes en propiedad intelectual en Ciudad de M\u00e9xico. Especialistas en patentes y marcas. Agende su consulta hoy.\",\"breadcrumb\":{\"@id\":\"https:\\\/\\\/hegaya.com\\\/espanol\\\/contacto\\\/#breadcrumb\"},\"inLanguage\":\"es\",\"potentialAction\":[{\"@type\":\"ReadAction\",\"target\":[\"https:\\\/\\\/hegaya.com\\\/espanol\\\/contacto\\\/\"]}]},{\"@type\":\"BreadcrumbList\",\"@id\":\"https:\\\/\\\/hegaya.com\\\/espanol\\\/contacto\\\/#breadcrumb\",\"itemListElement\":[{\"@type\":\"ListItem\",\"position\":1,\"name\":\"Home\",\"item\":\"https:\\\/\\\/hegaya.com\\\/espanol\\\/\"},{\"@type\":\"ListItem\",\"position\":2,\"name\":\"Contacto\"}]},{\"@type\":\"WebSite\",\"@id\":\"https:\\\/\\\/hegaya.com\\\/espanol\\\/#website\",\"url\":\"https:\\\/\\\/hegaya.com\\\/espanol\\\/\",\"name\":\"Propiedad Industrial HG\",\"description\":\"Propiedad Industrial\",\"publisher\":{\"@id\":\"https:\\\/\\\/hegaya.com\\\/espanol\\\/#organization\"},\"potentialAction\":[{\"@type\":\"SearchAction\",\"target\":{\"@type\":\"EntryPoint\",\"urlTemplate\":\"https:\\\/\\\/hegaya.com\\\/espanol\\\/?s={search_term_string}\"},\"query-input\":{\"@type\":\"PropertyValueSpecification\",\"valueRequired\":true,\"valueName\":\"search_term_string\"}}],\"inLanguage\":\"es\"},{\"@type\":\"Organization\",\"@id\":\"https:\\\/\\\/hegaya.com\\\/espanol\\\/#organization\",\"name\":\"Herrera & Asociados\",\"alternateName\":\"H&A Propiedad Intelectual\",\"url\":\"https:\\\/\\\/hegaya.com\\\/espanol\\\/\",\"logo\":{\"@type\":\"ImageObject\",\"inLanguage\":\"es\",\"@id\":\"https:\\\/\\\/hegaya.com\\\/espanol\\\/#\\\/schema\\\/logo\\\/image\\\/\",\"url\":\"https:\\\/\\\/hegaya.com\\\/espanol\\\/wp-content\\\/uploads\\\/sites\\\/2\\\/2018\\\/01\\\/logoHG-cuadro-01.png\",\"contentUrl\":\"https:\\\/\\\/hegaya.com\\\/espanol\\\/wp-content\\\/uploads\\\/sites\\\/2\\\/2018\\\/01\\\/logoHG-cuadro-01.png\",\"width\":1024,\"height\":1024,\"caption\":\"Herrera & Asociados\"},\"image\":{\"@id\":\"https:\\\/\\\/hegaya.com\\\/espanol\\\/#\\\/schema\\\/logo\\\/image\\\/\"}}]}<\/script>\n<!-- \/ Yoast SEO plugin. -->","yoast_head_json":{"title":"Contacto | Abogados de PI en Ciudad de M\u00e9xico | Herrera & Asociados","description":"Contacte a Herrera & Asociados, abogados l\u00edderes en propiedad intelectual en Ciudad de M\u00e9xico. Especialistas en patentes y marcas. Agende su consulta hoy.","robots":{"index":"index","follow":"follow","max-snippet":"max-snippet:-1","max-image-preview":"max-image-preview:large","max-video-preview":"max-video-preview:-1"},"canonical":"https:\/\/hegaya.com\/espanol\/contacto\/","og_locale":"es_ES","og_type":"article","og_title":"Contacto | Herrera & Asociados | Abogados de PI en M\u00e9xico","og_description":"Contacte a los abogados l\u00edderes en propiedad intelectual de M\u00e9xico. Patentes y marcas. Herrera & Asociados, Ciudad de M\u00e9xico.","og_url":"https:\/\/hegaya.com\/espanol\/contacto\/","og_site_name":"Propiedad Industrial HG","article_modified_time":"2026-04-15T11:44:35+00:00","twitter_card":"summary_large_image","twitter_title":"Contacto | Herrera & Asociados | Abogados de PI en M\u00e9xico","twitter_description":"Contacte a los abogados l\u00edderes en propiedad intelectual de M\u00e9xico. Patentes y marcas. Herrera & Asociados.","twitter_misc":{"Tiempo de lectura":"3 minutos"},"schema":{"@context":"https:\/\/schema.org","@graph":[{"@type":["WebPage","ContactPage"],"@id":"https:\/\/hegaya.com\/espanol\/contacto\/","url":"https:\/\/hegaya.com\/espanol\/contacto\/","name":"Contacto | Abogados de PI en Ciudad de M\u00e9xico | Herrera & Asociados","isPartOf":{"@id":"https:\/\/hegaya.com\/espanol\/#website"},"datePublished":"2018-01-04T06:27:04+00:00","dateModified":"2026-04-15T11:44:35+00:00","description":"Contacte a Herrera & Asociados, abogados l\u00edderes en propiedad intelectual en Ciudad de M\u00e9xico. Especialistas en patentes y marcas. Agende su consulta hoy.","breadcrumb":{"@id":"https:\/\/hegaya.com\/espanol\/contacto\/#breadcrumb"},"inLanguage":"es","potentialAction":[{"@type":"ReadAction","target":["https:\/\/hegaya.com\/espanol\/contacto\/"]}]},{"@type":"BreadcrumbList","@id":"https:\/\/hegaya.com\/espanol\/contacto\/#breadcrumb","itemListElement":[{"@type":"ListItem","position":1,"name":"Home","item":"https:\/\/hegaya.com\/espanol\/"},{"@type":"ListItem","position":2,"name":"Contacto"}]},{"@type":"WebSite","@id":"https:\/\/hegaya.com\/espanol\/#website","url":"https:\/\/hegaya.com\/espanol\/","name":"Propiedad Industrial HG","description":"Propiedad Industrial","publisher":{"@id":"https:\/\/hegaya.com\/espanol\/#organization"},"potentialAction":[{"@type":"SearchAction","target":{"@type":"EntryPoint","urlTemplate":"https:\/\/hegaya.com\/espanol\/?s={search_term_string}"},"query-input":{"@type":"PropertyValueSpecification","valueRequired":true,"valueName":"search_term_string"}}],"inLanguage":"es"},{"@type":"Organization","@id":"https:\/\/hegaya.com\/espanol\/#organization","name":"Herrera & Asociados","alternateName":"H&A Propiedad Intelectual","url":"https:\/\/hegaya.com\/espanol\/","logo":{"@type":"ImageObject","inLanguage":"es","@id":"https:\/\/hegaya.com\/espanol\/#\/schema\/logo\/image\/","url":"https:\/\/hegaya.com\/espanol\/wp-content\/uploads\/sites\/2\/2018\/01\/logoHG-cuadro-01.png","contentUrl":"https:\/\/hegaya.com\/espanol\/wp-content\/uploads\/sites\/2\/2018\/01\/logoHG-cuadro-01.png","width":1024,"height":1024,"caption":"Herrera & Asociados"},"image":{"@id":"https:\/\/hegaya.com\/espanol\/#\/schema\/logo\/image\/"}}]}},"_links":{"self":[{"href":"https:\/\/hegaya.com\/espanol\/wp-json\/wp\/v2\/pages\/44","targetHints":{"allow":["GET"]}}],"collection":[{"href":"https:\/\/hegaya.com\/espanol\/wp-json\/wp\/v2\/pages"}],"about":[{"href":"https:\/\/hegaya.com\/espanol\/wp-json\/wp\/v2\/types\/page"}],"author":[{"embeddable":true,"href":"https:\/\/hegaya.com\/espanol\/wp-json\/wp\/v2\/users\/1"}],"replies":[{"embeddable":true,"href":"https:\/\/hegaya.com\/espanol\/wp-json\/wp\/v2\/comments?post=44"}],"version-history":[{"count":10,"href":"https:\/\/hegaya.com\/espanol\/wp-json\/wp\/v2\/pages\/44\/revisions"}],"predecessor-version":[{"id":217,"href":"https:\/\/hegaya.com\/espanol\/wp-json\/wp\/v2\/pages\/44\/revisions\/217"}],"wp:attachment":[{"href":"https:\/\/hegaya.com\/espanol\/wp-json\/wp\/v2\/media?parent=44"}],"curies":[{"name":"wp","href":"https:\/\/api.w.org\/{rel}","templated":true}]}}