{"id":214,"date":"2026-04-15T11:31:16","date_gmt":"2026-04-15T11:31:16","guid":{"rendered":"https:\/\/hegaya.com\/espanol\/modelo-de-utilidad\/"},"modified":"2026-04-15T11:40:08","modified_gmt":"2026-04-15T11:40:08","slug":"modelo-de-utilidad","status":"publish","type":"page","link":"https:\/\/hegaya.com\/espanol\/modelo-de-utilidad\/","title":{"rendered":"Modelo de Utilidad"},"content":{"rendered":"<p>[et_pb_section fb_built=\u00bb1&#8243; fullwidth=\u00bbon\u00bb admin_label=\u00bbHero Section\u00bb _builder_version=\u00bb3.22&#8243; background_color=\u00bb#1a1a1a\u00bb][et_pb_fullwidth_header title=\u00bbModelo de Utilidad\u00bb subhead=\u00bbHERRERA &amp; ASOCIADOS\u00bb background_overlay_color=\u00bbrgba(0,0,0,0.82)\u00bb content_max_width=\u00bb650px\u00bb _builder_version=\u00bb3.27.2&#8243; title_font=\u00bbPoppins|700|||||\u00bb title_text_color=\u00bb#ffffff\u00bb title_font_size=\u00bb48px\u00bb subhead_font=\u00bbPoppins|700||on|||||\u00bb subhead_text_color=\u00bb#edbb5f\u00bb subhead_font_size=\u00bb13px\u00bb subhead_letter_spacing=\u00bb3px\u00bb background_image=\u00bbhttps:\/\/hegaya.com\/wp-content\/uploads\/2019\/08\/architect-firm-09.jpg\u00bb \/][\/et_pb_section][et_pb_section fb_built=\u00bb1&#8243; admin_label=\u00bbContent\u00bb _builder_version=\u00bb3.22&#8243; background_color=\u00bb#ffffff\u00bb custom_padding=\u00bb60px|0|60px|0&#8243;][et_pb_row _builder_version=\u00bb4.7.7&#8243; max_width=\u00bb860px\u00bb custom_padding=\u00bb0|30px|0|30px\u00bb][et_pb_column type=\u00bb4_4&#8243; _builder_version=\u00bb3.25&#8243;][et_pb_text _builder_version=\u00bb4.7.7&#8243; text_font=\u00bbPoppins||||||||\u00bb text_font_size=\u00bb16px\u00bb text_line_height=\u00bb1.8em\u00bb header_2_font=\u00bbPoppins|700|||||\u00bb header_2_text_color=\u00bb#1a1a1a\u00bb header_2_font_size=\u00bb28px\u00bb]<\/p>\n<h2>\u00bfQu\u00e9 es un Modelo de Utilidad?<\/h2>\n<p>Un modelo de utilidad es toda mejora o innovaci\u00f3n de la forma, configuraci\u00f3n o disposici\u00f3n de elementos de alg\u00fan artefacto, herramienta, instrumento, mecanismo u otro objeto, que permita un mejor o diferente funcionamiento, utilizaci\u00f3n o fabricaci\u00f3n del mismo, o que le proporcione alguna utilidad, ventaja o efecto t\u00e9cnico que antes no ten\u00eda.<\/p>\n<p>A diferencia de la patente de invenci\u00f3n, el modelo de utilidad protege innovaciones de menor rango inventivo pero igualmente valiosas desde el punto de vista t\u00e9cnico y comercial. Es ideal para peque\u00f1as y medianas empresas que desarrollan mejoras a productos existentes.<\/p>\n<p>El registro se realiza ante el <strong>Instituto Mexicano de la Propiedad Industrial (IMPI)<\/strong> y otorga derechos exclusivos de explotaci\u00f3n en todo el territorio nacional.<\/p>\n<h2>\u00bfCu\u00e1nto dura la protecci\u00f3n de un Modelo de Utilidad?<\/h2>\n<p>La vigencia del registro de modelo de utilidad en M\u00e9xico es de <strong>10 a\u00f1os<\/strong> improrrogables, contados a partir de la fecha de presentaci\u00f3n de la solicitud. Al concluir este per\u00edodo, la innovaci\u00f3n pasa al dominio p\u00fablico.<\/p>\n<h2>Diferencia entre Patente y Modelo de Utilidad<\/h2>\n<p>La principal diferencia radica en el nivel de actividad inventiva requerido. Una patente exige un nivel m\u00e1s elevado de innovaci\u00f3n, mientras que el modelo de utilidad protege mejoras m\u00e1s modestas pero funcionales. Asimismo, el proceso de registro del modelo de utilidad suele ser m\u00e1s r\u00e1pido y menos costoso que el de la patente.<\/p>\n<p>[\/et_pb_text][\/et_pb_column][\/et_pb_row][\/et_pb_section][et_pb_section fb_built=\u00bb1&#8243; admin_label=\u00bbQA\u00bb _builder_version=\u00bb3.22&#8243; background_color=\u00bb#f9f9f9&#8243; custom_padding=\u00bb60px|0|60px|0&#8243;][et_pb_row _builder_version=\u00bb4.7.7&#8243; max_width=\u00bb860px\u00bb custom_padding=\u00bb0|30px|0|30px\u00bb][et_pb_column type=\u00bb4_4&#8243; _builder_version=\u00bb3.25&#8243;][et_pb_text _builder_version=\u00bb4.7.7&#8243; text_font=\u00bbPoppins||||||||\u00bb text_font_size=\u00bb16px\u00bb text_line_height=\u00bb1.8em\u00bb header_2_font=\u00bbPoppins|700|||||\u00bb header_2_text_color=\u00bb#1a1a1a\u00bb header_2_font_size=\u00bb26px\u00bb header_3_font=\u00bbPoppins|600|||||\u00bb header_3_font_size=\u00bb18px\u00bb]<\/p>\n<h2>Preguntas Frecuentes sobre el Modelo de Utilidad<\/h2>\n<h3>\u00bfQu\u00e9 tipos de innovaciones pueden protegerse como modelo de utilidad?<\/h3>\n<p>Pueden protegerse mejoras a herramientas, instrumentos, utensilios, aparatos, dispositivos y objetos en general, siempre que impliquen una ventaja funcional o t\u00e9cnica respecto al objeto original. No son protegibles los procedimientos o m\u00e9todos de fabricaci\u00f3n, los cuales requieren patente de invenci\u00f3n.<\/p>\n<h3>\u00bfQu\u00e9 requisitos debe cumplir el modelo de utilidad?<\/h3>\n<p>Para ser registrable, el modelo de utilidad debe ser <strong>nuevo<\/strong> (no divulgado previamente) y tener <strong>aplicaci\u00f3n industrial<\/strong>. No se requiere el nivel de actividad inventiva exigido para las patentes, lo que hace m\u00e1s accesible esta figura de protecci\u00f3n.<\/p>\n<h3>\u00bfCu\u00e1nto tiempo tarda el registro ante el IMPI?<\/h3>\n<p>El proceso de registro de un modelo de utilidad ante el IMPI toma generalmente entre <strong>6 y 18 meses<\/strong>. El plazo puede variar seg\u00fan la complejidad del examen t\u00e9cnico y si existen requerimientos adicionales por parte del Instituto.<\/p>\n<h3>\u00bfPuedo patentar y registrar como modelo de utilidad al mismo tiempo?<\/h3>\n<p>No es posible obtener simult\u00e1neamente una patente y un registro de modelo de utilidad para la misma innovaci\u00f3n. Sin embargo, si una solicitud de patente es rechazada por falta de nivel inventivo, puede convertirse en solicitud de modelo de utilidad.<\/p>\n<p>[\/et_pb_text][\/et_pb_column][\/et_pb_row][\/et_pb_section][et_pb_section fb_built=\u00bb1&#8243; admin_label=\u00bbCTA\u00bb _builder_version=\u00bb3.22&#8243; background_color=\u00bb#edbb5f\u00bb custom_padding=\u00bb50px|0|50px|0&#8243;][et_pb_row _builder_version=\u00bb4.7.7&#8243; max_width=\u00bb860px\u00bb][et_pb_column type=\u00bb4_4&#8243; _builder_version=\u00bb3.25&#8243;][et_pb_text _builder_version=\u00bb4.7.7&#8243; text_font=\u00bbPoppins||||||||\u00bb text_text_color=\u00bb#1a1a1a\u00bb text_font_size=\u00bb18px\u00bb text_line_height=\u00bb1.6em\u00bb text_orientation=\u00bbcenter\u00bb header_2_font=\u00bbPoppins|700|||||\u00bb header_2_text_color=\u00bb#1a1a1a\u00bb header_2_font_size=\u00bb32px\u00bb]<\/p>\n<h2>\u00bfListo para proteger su innovaci\u00f3n?<\/h2>\n<p>Nuestros abogados expertos en propiedad intelectual le orientar\u00e1n en el proceso de registro de modelos de utilidad ante el IMPI. Cont\u00e1ctenos hoy.<\/p>\n<p>[\/et_pb_text][et_pb_button button_url=\u00bbhttps:\/\/hegaya.com\/espanol\/contacto\/\u00bb button_text=\u00bbCont\u00e1ctenos\u00bb button_alignment=\u00bbcenter\u00bb _builder_version=\u00bb4.7.7&#8243; custom_button=\u00bbon\u00bb button_text_color=\u00bb#ffffff\u00bb button_bg_color=\u00bb#1a1a1a\u00bb button_border_color=\u00bb#1a1a1a\u00bb button_font=\u00bbPoppins|700|||||\u00bb button_use_icon=\u00bboff\u00bb \/][\/et_pb_column][\/et_pb_row][\/et_pb_section]<\/p>\n","protected":false},"excerpt":{"rendered":"<p>\u00bfQu\u00e9 es un Modelo de Utilidad? Un modelo de utilidad es toda mejora o innovaci\u00f3n de la forma, configuraci\u00f3n o disposici\u00f3n de elementos de alg\u00fan artefacto, herramienta, instrumento, mecanismo u otro objeto, que permita un mejor o diferente funcionamiento, utilizaci\u00f3n o fabricaci\u00f3n del mismo, o que le proporcione alguna utilidad, ventaja o efecto t\u00e9cnico que [&hellip;]<\/p>\n","protected":false},"author":1,"featured_media":0,"parent":0,"menu_order":0,"comment_status":"closed","ping_status":"closed","template":"","meta":{"_et_pb_use_builder":"on","_et_pb_old_content":"","_et_gb_content_width":"","footnotes":""},"class_list":["post-214","page","type-page","status-publish","hentry"],"yoast_head":"<!-- This site is optimized with the Yoast SEO plugin v27.3 - https:\/\/yoast.com\/product\/yoast-seo-wordpress\/ -->\n<title>Registro de Modelo de Utilidad en M\u00e9xico | IMPI | Herrera &amp; Asociados<\/title>\n<meta name=\"description\" content=\"Registre su modelo de utilidad en M\u00e9xico ante el IMPI. Proteja innovaciones t\u00e9cnicas y mejoras a productos con abogados expertos en propiedad intelectual en Ciudad de M\u00e9xico.\" \/>\n<meta name=\"robots\" content=\"index, follow, max-snippet:-1, max-image-preview:large, max-video-preview:-1\" \/>\n<link rel=\"canonical\" href=\"https:\/\/hegaya.com\/espanol\/modelo-de-utilidad\/\" \/>\n<meta property=\"og:locale\" content=\"es_ES\" \/>\n<meta property=\"og:type\" content=\"article\" \/>\n<meta property=\"og:title\" content=\"Registro de Modelo de Utilidad en M\u00e9xico | Herrera &amp; Asociados\" \/>\n<meta property=\"og:description\" content=\"Proteja su innovaci\u00f3n t\u00e9cnica en M\u00e9xico con el registro de modelo de utilidad. Expertos ante el IMPI en Herrera &amp; Asociados.\" \/>\n<meta property=\"og:url\" content=\"https:\/\/hegaya.com\/espanol\/modelo-de-utilidad\/\" \/>\n<meta property=\"og:site_name\" content=\"Propiedad Industrial HG\" \/>\n<meta property=\"article:modified_time\" content=\"2026-04-15T11:40:08+00:00\" \/>\n<meta name=\"twitter:card\" content=\"summary_large_image\" \/>\n<meta name=\"twitter:title\" content=\"Registro de Modelo de Utilidad en M\u00e9xico | Herrera &amp; Asociados\" \/>\n<meta name=\"twitter:description\" content=\"Proteja su innovaci\u00f3n t\u00e9cnica en M\u00e9xico con el registro de modelo de utilidad ante el IMPI. Herrera &amp; Asociados.\" \/>\n<meta name=\"twitter:label1\" content=\"Tiempo de lectura\" \/>\n\t<meta name=\"twitter:data1\" content=\"4 minutos\" \/>\n<script type=\"application\/ld+json\" class=\"yoast-schema-graph\">{\"@context\":\"https:\\\/\\\/schema.org\",\"@graph\":[{\"@type\":\"WebPage\",\"@id\":\"https:\\\/\\\/hegaya.com\\\/espanol\\\/modelo-de-utilidad\\\/\",\"url\":\"https:\\\/\\\/hegaya.com\\\/espanol\\\/modelo-de-utilidad\\\/\",\"name\":\"Registro de Modelo de Utilidad en M\u00e9xico | IMPI | Herrera & Asociados\",\"isPartOf\":{\"@id\":\"https:\\\/\\\/hegaya.com\\\/espanol\\\/#website\"},\"datePublished\":\"2026-04-15T11:31:16+00:00\",\"dateModified\":\"2026-04-15T11:40:08+00:00\",\"description\":\"Registre su modelo de utilidad en M\u00e9xico ante el IMPI. Proteja innovaciones t\u00e9cnicas y mejoras a productos con abogados expertos en propiedad intelectual en Ciudad de M\u00e9xico.\",\"breadcrumb\":{\"@id\":\"https:\\\/\\\/hegaya.com\\\/espanol\\\/modelo-de-utilidad\\\/#breadcrumb\"},\"inLanguage\":\"es\",\"potentialAction\":[{\"@type\":\"ReadAction\",\"target\":[\"https:\\\/\\\/hegaya.com\\\/espanol\\\/modelo-de-utilidad\\\/\"]}]},{\"@type\":\"BreadcrumbList\",\"@id\":\"https:\\\/\\\/hegaya.com\\\/espanol\\\/modelo-de-utilidad\\\/#breadcrumb\",\"itemListElement\":[{\"@type\":\"ListItem\",\"position\":1,\"name\":\"Home\",\"item\":\"https:\\\/\\\/hegaya.com\\\/espanol\\\/\"},{\"@type\":\"ListItem\",\"position\":2,\"name\":\"Modelo de Utilidad\"}]},{\"@type\":\"WebSite\",\"@id\":\"https:\\\/\\\/hegaya.com\\\/espanol\\\/#website\",\"url\":\"https:\\\/\\\/hegaya.com\\\/espanol\\\/\",\"name\":\"Propiedad Industrial HG\",\"description\":\"Propiedad Industrial\",\"publisher\":{\"@id\":\"https:\\\/\\\/hegaya.com\\\/espanol\\\/#organization\"},\"potentialAction\":[{\"@type\":\"SearchAction\",\"target\":{\"@type\":\"EntryPoint\",\"urlTemplate\":\"https:\\\/\\\/hegaya.com\\\/espanol\\\/?s={search_term_string}\"},\"query-input\":{\"@type\":\"PropertyValueSpecification\",\"valueRequired\":true,\"valueName\":\"search_term_string\"}}],\"inLanguage\":\"es\"},{\"@type\":\"Organization\",\"@id\":\"https:\\\/\\\/hegaya.com\\\/espanol\\\/#organization\",\"name\":\"Herrera & Asociados\",\"alternateName\":\"H&A Propiedad Intelectual\",\"url\":\"https:\\\/\\\/hegaya.com\\\/espanol\\\/\",\"logo\":{\"@type\":\"ImageObject\",\"inLanguage\":\"es\",\"@id\":\"https:\\\/\\\/hegaya.com\\\/espanol\\\/#\\\/schema\\\/logo\\\/image\\\/\",\"url\":\"https:\\\/\\\/hegaya.com\\\/espanol\\\/wp-content\\\/uploads\\\/sites\\\/2\\\/2018\\\/01\\\/logoHG-cuadro-01.png\",\"contentUrl\":\"https:\\\/\\\/hegaya.com\\\/espanol\\\/wp-content\\\/uploads\\\/sites\\\/2\\\/2018\\\/01\\\/logoHG-cuadro-01.png\",\"width\":1024,\"height\":1024,\"caption\":\"Herrera & Asociados\"},\"image\":{\"@id\":\"https:\\\/\\\/hegaya.com\\\/espanol\\\/#\\\/schema\\\/logo\\\/image\\\/\"}}]}<\/script>\n<!-- \/ Yoast SEO plugin. -->","yoast_head_json":{"title":"Registro de Modelo de Utilidad en M\u00e9xico | IMPI | Herrera & Asociados","description":"Registre su modelo de utilidad en M\u00e9xico ante el IMPI. Proteja innovaciones t\u00e9cnicas y mejoras a productos con abogados expertos en propiedad intelectual en Ciudad de M\u00e9xico.","robots":{"index":"index","follow":"follow","max-snippet":"max-snippet:-1","max-image-preview":"max-image-preview:large","max-video-preview":"max-video-preview:-1"},"canonical":"https:\/\/hegaya.com\/espanol\/modelo-de-utilidad\/","og_locale":"es_ES","og_type":"article","og_title":"Registro de Modelo de Utilidad en M\u00e9xico | Herrera & Asociados","og_description":"Proteja su innovaci\u00f3n t\u00e9cnica en M\u00e9xico con el registro de modelo de utilidad. Expertos ante el IMPI en Herrera & Asociados.","og_url":"https:\/\/hegaya.com\/espanol\/modelo-de-utilidad\/","og_site_name":"Propiedad Industrial HG","article_modified_time":"2026-04-15T11:40:08+00:00","twitter_card":"summary_large_image","twitter_title":"Registro de Modelo de Utilidad en M\u00e9xico | Herrera & Asociados","twitter_description":"Proteja su innovaci\u00f3n t\u00e9cnica en M\u00e9xico con el registro de modelo de utilidad ante el IMPI. Herrera & Asociados.","twitter_misc":{"Tiempo de lectura":"4 minutos"},"schema":{"@context":"https:\/\/schema.org","@graph":[{"@type":"WebPage","@id":"https:\/\/hegaya.com\/espanol\/modelo-de-utilidad\/","url":"https:\/\/hegaya.com\/espanol\/modelo-de-utilidad\/","name":"Registro de Modelo de Utilidad en M\u00e9xico | IMPI | Herrera & Asociados","isPartOf":{"@id":"https:\/\/hegaya.com\/espanol\/#website"},"datePublished":"2026-04-15T11:31:16+00:00","dateModified":"2026-04-15T11:40:08+00:00","description":"Registre su modelo de utilidad en M\u00e9xico ante el IMPI. Proteja innovaciones t\u00e9cnicas y mejoras a productos con abogados expertos en propiedad intelectual en Ciudad de M\u00e9xico.","breadcrumb":{"@id":"https:\/\/hegaya.com\/espanol\/modelo-de-utilidad\/#breadcrumb"},"inLanguage":"es","potentialAction":[{"@type":"ReadAction","target":["https:\/\/hegaya.com\/espanol\/modelo-de-utilidad\/"]}]},{"@type":"BreadcrumbList","@id":"https:\/\/hegaya.com\/espanol\/modelo-de-utilidad\/#breadcrumb","itemListElement":[{"@type":"ListItem","position":1,"name":"Home","item":"https:\/\/hegaya.com\/espanol\/"},{"@type":"ListItem","position":2,"name":"Modelo de Utilidad"}]},{"@type":"WebSite","@id":"https:\/\/hegaya.com\/espanol\/#website","url":"https:\/\/hegaya.com\/espanol\/","name":"Propiedad Industrial HG","description":"Propiedad Industrial","publisher":{"@id":"https:\/\/hegaya.com\/espanol\/#organization"},"potentialAction":[{"@type":"SearchAction","target":{"@type":"EntryPoint","urlTemplate":"https:\/\/hegaya.com\/espanol\/?s={search_term_string}"},"query-input":{"@type":"PropertyValueSpecification","valueRequired":true,"valueName":"search_term_string"}}],"inLanguage":"es"},{"@type":"Organization","@id":"https:\/\/hegaya.com\/espanol\/#organization","name":"Herrera & Asociados","alternateName":"H&A Propiedad Intelectual","url":"https:\/\/hegaya.com\/espanol\/","logo":{"@type":"ImageObject","inLanguage":"es","@id":"https:\/\/hegaya.com\/espanol\/#\/schema\/logo\/image\/","url":"https:\/\/hegaya.com\/espanol\/wp-content\/uploads\/sites\/2\/2018\/01\/logoHG-cuadro-01.png","contentUrl":"https:\/\/hegaya.com\/espanol\/wp-content\/uploads\/sites\/2\/2018\/01\/logoHG-cuadro-01.png","width":1024,"height":1024,"caption":"Herrera & Asociados"},"image":{"@id":"https:\/\/hegaya.com\/espanol\/#\/schema\/logo\/image\/"}}]}},"_links":{"self":[{"href":"https:\/\/hegaya.com\/espanol\/wp-json\/wp\/v2\/pages\/214","targetHints":{"allow":["GET"]}}],"collection":[{"href":"https:\/\/hegaya.com\/espanol\/wp-json\/wp\/v2\/pages"}],"about":[{"href":"https:\/\/hegaya.com\/espanol\/wp-json\/wp\/v2\/types\/page"}],"author":[{"embeddable":true,"href":"https:\/\/hegaya.com\/espanol\/wp-json\/wp\/v2\/users\/1"}],"replies":[{"embeddable":true,"href":"https:\/\/hegaya.com\/espanol\/wp-json\/wp\/v2\/comments?post=214"}],"version-history":[{"count":1,"href":"https:\/\/hegaya.com\/espanol\/wp-json\/wp\/v2\/pages\/214\/revisions"}],"predecessor-version":[{"id":216,"href":"https:\/\/hegaya.com\/espanol\/wp-json\/wp\/v2\/pages\/214\/revisions\/216"}],"wp:attachment":[{"href":"https:\/\/hegaya.com\/espanol\/wp-json\/wp\/v2\/media?parent=214"}],"curies":[{"name":"wp","href":"https:\/\/api.w.org\/{rel}","templated":true}]}}